{"id":487,"date":"2023-03-05T16:46:29","date_gmt":"2023-03-05T16:46:29","guid":{"rendered":"https:\/\/www.successtenniscool.com\/?page_id=487"},"modified":"2024-01-29T10:58:31","modified_gmt":"2024-01-29T10:58:31","slug":"je-minscris-a-un-stage-adultes","status":"publish","type":"page","link":"https:\/\/www.successtenniscool.com\/nl\/je-minscris-a-un-stage-adultes\/","title":{"rendered":"Ik wil me inschrijven voor een cursus voor volwassenen"},"content":{"rendered":"\t\t<div data-elementor-type=\"wp-page\" data-elementor-id=\"487\" class=\"elementor elementor-487\" data-elementor-settings=\"{&quot;ha_cmc_init_switcher&quot;:&quot;no&quot;}\" data-elementor-post-type=\"page\">\n\t\t\t\t\t\t<section class=\"elementor-section elementor-top-section elementor-element elementor-element-3e36a1ee elementor-section-full_width elementor-section-height-default elementor-section-height-default\" data-id=\"3e36a1ee\" data-element_type=\"section\" data-e-type=\"section\" data-settings=\"{&quot;background_background&quot;:&quot;classic&quot;,&quot;_ha_eqh_enable&quot;:false}\">\n\t\t\t\t\t\t\t<div class=\"elementor-background-overlay\"><\/div>\n\t\t\t\t\t\t\t<div class=\"elementor-container elementor-column-gap-no\">\n\t\t\t\t\t<div class=\"elementor-column elementor-col-100 elementor-top-column elementor-element elementor-element-1acae57a\" data-id=\"1acae57a\" data-element_type=\"column\" data-e-type=\"column\">\n\t\t\t<div class=\"elementor-widget-wrap elementor-element-populated\">\n\t\t\t\t\t\t<div class=\"elementor-element elementor-element-17e48aef elementor-invisible elementor-widget elementor-widget-heading\" data-id=\"17e48aef\" data-element_type=\"widget\" data-e-type=\"widget\" data-settings=\"{&quot;_animation&quot;:&quot;fadeIn&quot;,&quot;_animation_delay&quot;:&quot;200&quot;}\" data-widget_type=\"heading.default\">\n\t\t\t\t<div class=\"elementor-widget-container\">\n\t\t\t\t\t<h2 class=\"elementor-heading-title elementor-size-default\">Je m'inscris maintenant au stage adulte\n<\/h2>\t\t\t\t<\/div>\n\t\t\t\t<\/div>\n\t\t\t\t\t<\/div>\n\t\t<\/div>\n\t\t\t\t\t<\/div>\n\t\t<\/section>\n\t\t\t\t<section class=\"elementor-section elementor-top-section elementor-element elementor-element-6e3570a6 elementor-section-boxed elementor-section-height-default elementor-section-height-default\" data-id=\"6e3570a6\" data-element_type=\"section\" data-e-type=\"section\" data-settings=\"{&quot;_ha_eqh_enable&quot;:false}\">\n\t\t\t\t\t\t<div class=\"elementor-container elementor-column-gap-default\">\n\t\t\t\t\t<div class=\"elementor-column elementor-col-100 elementor-top-column elementor-element elementor-element-7840c23f\" data-id=\"7840c23f\" data-element_type=\"column\" data-e-type=\"column\">\n\t\t\t<div class=\"elementor-widget-wrap elementor-element-populated\">\n\t\t\t\t\t\t<div class=\"elementor-element elementor-element-7a290a4e elementor-widget elementor-widget-text-editor\" data-id=\"7a290a4e\" data-element_type=\"widget\" data-e-type=\"widget\" data-widget_type=\"text-editor.default\">\n\t\t\t\t<div class=\"elementor-widget-container\">\n\t\t\t\t\t\t\t\t\t<h3 style=\"text-align: center;\">Les stages ont lieu en juillet et aout du lundi au vendredi de 19h \u00e0 21h<\/h3>\n<h4 style=\"text-align: center;\">\u00c9l\u00e8ves group\u00e9s par niveau<\/h4>\n<p style=\"text-align: center;\"><strong>PRIX DU STAGE:<\/strong><br>en groupe de 3: 200\u20ac<br>en groupe de 4: 150\u20ac<\/p>\t\t\t\t\t\t\t\t<\/div>\n\t\t\t\t<\/div>\n\t\t\t\t\t<\/div>\n\t\t<\/div>\n\t\t\t\t\t<\/div>\n\t\t<\/section>\n\t\t\t\t<section class=\"elementor-section elementor-top-section elementor-element elementor-element-39e5b7b9 elementor-section-height-min-height elementor-section-boxed elementor-section-height-default elementor-section-items-middle\" data-id=\"39e5b7b9\" data-element_type=\"section\" data-e-type=\"section\" data-settings=\"{&quot;background_background&quot;:&quot;classic&quot;,&quot;_ha_eqh_enable&quot;:false}\">\n\t\t\t\t\t\t<div class=\"elementor-container elementor-column-gap-default\">\n\t\t\t\t\t<div class=\"elementor-column elementor-col-100 elementor-top-column elementor-element elementor-element-134a2447\" data-id=\"134a2447\" data-element_type=\"column\" data-e-type=\"column\">\n\t\t\t<div class=\"elementor-widget-wrap elementor-element-populated\">\n\t\t\t\t\t\t<div class=\"elementor-element elementor-element-39da07c7 fluentform-widget-submit-button-center fluent-form-widget-step-header-yes fluent-form-widget-step-progressbar-yes fluentform-widget-submit-button-custom elementor-widget elementor-widget-fluent-form-widget\" data-id=\"39da07c7\" data-element_type=\"widget\" data-e-type=\"widget\" data-widget_type=\"fluent-form-widget.default\">\n\t\t\t\t<div class=\"elementor-widget-container\">\n\t\t\t\t\t\n            <div class=\"fluentform-widget-wrapper fluentform-widget-align-default\">\n\n            \n            <div class='fluentform ff-default fluentform_wrapper_5 ffs_default_wrap'><form data-form_id=\"5\" id=\"fluentform_5\" class=\"frm-fluent-form fluent_form_5 ff-el-form-top ff_form_instance_5_1 ff-form-loading ff_has_v3_recptcha ffs_default\" data-form_instance=\"ff_form_instance_5_1\" method=\"POST\" data-recptcha_key=\"6LduQ1UrAAAAADGYP5sfdwkiz2qELdGBmwKhynEf\" ><fieldset  style=\"border: none!important;margin: 0!important;padding: 0!important;background-color: transparent!important;box-shadow: none!important;outline: none!important; min-inline-size: 100%;\">\n                    <legend class=\"ff_screen_reader_title\" style=\"display: block; margin: 0!important;padding: 0!important;height: 0!important;text-indent: -999999px;width: 0!important;overflow:hidden;\">Je m&#039;inscris \u00e0 un stage adultes<\/legend><input type='hidden' name='__fluent_form_embded_post_id' value='487' \/><input type=\"hidden\" id=\"_fluentform_5_fluentformnonce\" name=\"_fluentform_5_fluentformnonce\" value=\"8d9ccbadc3\" \/><input type=\"hidden\" name=\"_wp_http_referer\" value=\"\/nl\/wp-json\/wp\/v2\/pages\/487\" \/><div data-type=\"name-element\" data-name=\"names\" class=\" ff-field_container ff-name-field-wrapper\" ><div class='ff-t-container'><div class='ff-t-cell '><div class='ff-el-group  ff-el-form-top'><div class=\"ff-el-input--label asterisk-right\"><label for='ff_5_names_first_name_' id='label_ff_5_names_first_name_' >Pr\u00e9nom<\/label><\/div><div class='ff-el-input--content'><input type=\"text\" name=\"names[first_name]\" id=\"ff_5_names_first_name_\" class=\"ff-el-form-control\" aria-invalid=\"false\" aria-required=false><\/div><\/div><\/div><div class='ff-t-cell '><div class='ff-el-group  ff-el-form-top'><div class=\"ff-el-input--label asterisk-right\"><label for='ff_5_names_last_name_' id='label_ff_5_names_last_name_' >Nom de famille<\/label><\/div><div class='ff-el-input--content'><input type=\"text\" name=\"names[last_name]\" id=\"ff_5_names_last_name_\" class=\"ff-el-form-control\" aria-invalid=\"false\" aria-required=false><\/div><\/div><\/div><\/div><\/div><div class='ff-el-group'><div class=\"ff-el-input--label ff-el-is-required asterisk-right\"><label for='ff_5_datetime' id='label_ff_5_datetime' aria-label=\"Date de naissance du participant\">Date de naissance du participant<\/label><\/div><div class='ff-el-input--content'><input  aria-label='Date de naissance du participant Gebruik de pijltjestoetsen om door de datums te navigeren. Druk op enter om een datum te selecteren.'  aria-haspopup='dialog' data-type-datepicker data-format='d\/m\/Y' type=\"text\" name=\"datetime\" id=\"ff_5_datetime\" class=\"ff-el-form-control ff-el-datepicker\" data-name=\"datetime\"  aria-invalid='false' aria-required=true><\/div><\/div><div class=\"ff-name-address-wrapper fluent-address\" data-type=\"address-element\" data-name=\"address_1\" ><div class='ff-el-input--label'><label aria-label=\"Adresse\">Adresse<\/label><\/div><div class='ff-el-input--content'><div class='ff-t-container'><div class='ff-t-cell'><div class='ff-el-group'><div class='ff-el-input--content'><input type=\"text\" name=\"address_1[address_line_1]\" id=\"ff_5_address_1_address_line_1_\" class=\"ff-el-form-control\" placeholder=\"Adresse ...\" data-key_name=\"address_line_1\"  aria-invalid=\"false\" aria-required=true><\/div><\/div><\/div><div class='ff-t-cell'><div class='ff-el-group'><div class='ff-el-input--content'><input type=\"text\" name=\"address_1[zip]\" id=\"ff_5_address_1_zip_\" class=\"ff-el-form-control\" placeholder=\"Code Postal\" data-key_name=\"zip\"  aria-invalid=\"false\" aria-required=true><\/div><\/div><\/div><\/div><div class='ff-t-container'><div class='ff-t-cell'><div class='ff-el-group'><div class='ff-el-input--content'><input type=\"text\" name=\"address_1[city]\" id=\"ff_5_address_1_city_\" class=\"ff-el-form-control\" placeholder=\"Ville\" data-key_name=\"city\"  aria-invalid=\"false\" aria-required=true><\/div><\/div><\/div><\/div><\/div><\/div><div class='ff-el-group'><div class=\"ff-el-input--label ff-el-is-required asterisk-right\"><label for='ff_5_phone' id='label_ff_5_phone' aria-label=\"T\u00e9l\u00e9phone\">T\u00e9l\u00e9phone<\/label><\/div><div class='ff-el-input--content'><input name=\"phone\" class=\"ff-el-form-control ff-el-phone ff_el_with_extended_validation\" type=\"tel\" placeholder=\"Num\u00e9ro de t\u00e9l\u00e9phone\" data-name=\"phone\" id=\"ff_5_phone\" inputmode=\"tel\"  aria-invalid='false' aria-required=true><\/div><\/div><div class='ff-el-group'><div class=\"ff-el-input--label ff-el-is-required asterisk-right\"><label for='ff_5_email' id='label_ff_5_email' aria-label=\"E-mail\">E-mail<\/label><\/div><div class='ff-el-input--content'><input type=\"email\" name=\"email\" id=\"ff_5_email\" class=\"ff-el-form-control\" placeholder=\"Adresse e-mail\" data-name=\"email\"  aria-invalid=\"false\" aria-required=true><\/div><\/div><div class='ff-el-group'><div class=\"ff-el-input--label asterisk-right\"><label for='ff_5_dropdown' id='label_ff_5_dropdown' aria-label=\"Choix de la p\u00e9riode\">Choix de la p\u00e9riode<\/label><\/div><div class='ff-el-input--content'><select name=\"dropdown\" id=\"ff_5_dropdown\" class=\"ff-el-form-control\" data-name=\"dropdown\" data-calc_value=\"0\"  aria-invalid=\"false\" aria-required=\"false\" aria-labelledby=\"label_ff_5_dropdown\"><option value=\"\">- Choisissez -<\/option><option value=\"\u00c9t\u00e9 : du 6 au 10 juillet\"  >\u00c9t\u00e9 : du 6 au 10 juillet<\/option><option value=\"Et\u00e9: du 21\/07 au 25\/07\u00c9t\u00e9 : du 13 au 17 juillet\"  >Et\u00e9: du 21\/07 au 25\/07\u00c9t\u00e9 : du 13 au 17 juillet<\/option><option value=\"\u00c9t\u00e9 : du 20 au 24 juillet\"  >\u00c9t\u00e9 : du 20 au 24 juillet<\/option><option value=\"\u00c9t\u00e9 : du 17 au 21 ao\u00fbt\"  >\u00c9t\u00e9 : du 17 au 21 ao\u00fbt<\/option><option value=\"\u00c9t\u00e9 : du 24 au 28 ao\u00fbt\"  >\u00c9t\u00e9 : du 24 au 28 ao\u00fbt<\/option><\/select><\/div><\/div><div class='ff-el-group'><div class=\"ff-el-input--label ff-el-is-required asterisk-right\"><label for='ff_5_dropdown_1' id='label_ff_5_dropdown_1' aria-label=\"Niveau\">Niveau<\/label><\/div><div class='ff-el-input--content'><select name=\"dropdown_1\" id=\"ff_5_dropdown_1\" class=\"ff-el-form-control\" data-name=\"dropdown_1\" data-calc_value=\"0\"  aria-invalid=\"false\" aria-required=\"true\" aria-labelledby=\"label_ff_5_dropdown_1\"><option value=\"\">- Choisissez -<\/option><option value=\"D\u00e9butant\"  >D\u00e9butant<\/option><option value=\"Initi\u00e9\"  >Initi\u00e9<\/option><option value=\"Comp\u00e9tition\"  >Comp\u00e9tition<\/option><\/select><\/div><\/div><div class='ff-el-group ff-text-left ff_submit_btn_wrapper'><button type=\"submit\" class=\"ff-btn ff-btn-submit ff-btn-md ff_btn_style\"  aria-label=\"Envoyer\">Envoyer<\/button><\/div><\/fieldset><\/form><div id='fluentform_5_errors' class='ff-errors-in-stack ff_form_instance_5_1 ff-form-loading_errors ff_form_instance_5_1_errors'><\/div><\/div>            <script type=\"text\/javascript\">\n                window.fluent_form_ff_form_instance_5_1 = {\"id\":\"5\",\"ajaxUrl\":\"https:\\\/\\\/www.successtenniscool.com\\\/wp-admin\\\/admin-ajax.php\",\"settings\":{\"layout\":{\"labelPlacement\":\"top\",\"helpMessagePlacement\":\"with_label\",\"errorMessagePlacement\":\"inline\",\"cssClassName\":\"\",\"asteriskPlacement\":\"asterisk-right\"},\"restrictions\":{\"denyEmptySubmission\":{\"enabled\":false}}},\"form_instance\":\"ff_form_instance_5_1\",\"form_id_selector\":\"fluentform_5\",\"rules\":{\"names[first_name]\":{\"required\":{\"value\":false,\"message\":\"Ce champ est obligatoire\",\"global\":false,\"global_message\":\"Ce champ est obligatoire\"}},\"names[middle_name]\":{\"required\":{\"value\":false,\"message\":\"Ce champ est obligatoire\",\"global\":false,\"global_message\":\"Ce champ est obligatoire\"}},\"names[last_name]\":{\"required\":{\"value\":false,\"message\":\"Ce champ est obligatoire\",\"global\":false,\"global_message\":\"Ce champ est obligatoire\"}},\"datetime\":{\"required\":{\"value\":true,\"message\":\"Ce champ est obligatoire\",\"global\":false,\"global_message\":\"Ce champ est obligatoire\"}},\"address_1[address_line_1]\":{\"required\":{\"value\":true,\"message\":\"Ce champ est obligatoire\",\"global\":false,\"global_message\":\"Ce champ est obligatoire\"}},\"address_1[address_line_2]\":{\"required\":{\"value\":false,\"message\":\"Ce champ est obligatoire\",\"global\":false,\"global_message\":\"Ce champ est obligatoire\"}},\"address_1[city]\":{\"required\":{\"value\":true,\"message\":\"Ce champ est obligatoire\",\"global\":false,\"global_message\":\"Ce champ est obligatoire\"}},\"address_1[state]\":{\"required\":{\"value\":false,\"message\":\"Ce champ est obligatoire\",\"global\":false,\"global_message\":\"Ce champ est obligatoire\"}},\"address_1[zip]\":{\"required\":{\"value\":true,\"message\":\"Ce champ est obligatoire\",\"global\":false,\"global_message\":\"Ce champ est obligatoire\"}},\"address_1[country]\":{\"required\":{\"value\":false,\"message\":\"Ce champ est obligatoire\",\"global\":false,\"global_message\":\"Ce champ est obligatoire\"}},\"phone\":{\"required\":{\"value\":true,\"message\":\"Ce champ est requis\",\"global\":false,\"global_message\":\"Ce champ est obligatoire\"},\"valid_phone_number\":{\"value\":true,\"message\":\"Le num\\u00e9ro de t\\u00e9l\\u00e9phone n'est pas valide\",\"global\":false,\"global_message\":\"Le num\\u00e9ro de t\\u00e9l\\u00e9phone est invalide\"}},\"email\":{\"required\":{\"value\":true,\"message\":\"Ce champ est obligatoire\",\"global\":false,\"global_message\":\"Ce champ est obligatoire\"},\"email\":{\"value\":true,\"message\":\"Ce champ doit contenir un e-mail valide\",\"global\":false,\"global_message\":\"Ce champ doit contenir un e-mail valide\"}},\"dropdown\":{\"required\":{\"value\":false,\"message\":\"Ce champ est obligatoire\",\"global\":false,\"global_message\":\"Ce champ est obligatoire\"}},\"dropdown_1\":{\"required\":{\"value\":true,\"message\":\"Ce champ est obligatoire\",\"global\":false,\"global_message\":\"Ce champ est obligatoire\"}},\"g-recaptcha-response\":[]},\"debounce_time\":300};\n                            <\/script>\n                        <\/div>\n\n            \t\t\t\t<\/div>\n\t\t\t\t<\/div>\n\t\t\t\t<div class=\"elementor-element elementor-element-b4c1a1c elementor-widget elementor-widget-spacer\" data-id=\"b4c1a1c\" data-element_type=\"widget\" data-e-type=\"widget\" data-widget_type=\"spacer.default\">\n\t\t\t\t<div class=\"elementor-widget-container\">\n\t\t\t\t\t\t\t<div class=\"elementor-spacer\">\n\t\t\t<div class=\"elementor-spacer-inner\"><\/div>\n\t\t<\/div>\n\t\t\t\t\t\t<\/div>\n\t\t\t\t<\/div>\n\t\t\t\t\t<\/div>\n\t\t<\/div>\n\t\t\t\t\t<\/div>\n\t\t<\/section>\n\t\t\t\t<\/div>\n\t\t","protected":false},"excerpt":{"rendered":"<p>Je m&rsquo;inscris maintenant au stage adulte Les stages ont lieu en juillet et aout du lundi au vendredi de 19h \u00e0 21h \u00c9l\u00e8ves group\u00e9s par niveau PRIX DU STAGE:en groupe de 3: 200\u20acen groupe de 4: 150\u20ac Je m&rsquo;inscris \u00e0 un stage adultes Pr\u00e9nomNom de familleDate de naissance du participantAdresseT\u00e9l\u00e9phoneE-mailChoix de la p\u00e9riode&#8211; Choisissez &#8211;Du [&hellip;]<\/p>\n","protected":false},"author":1,"featured_media":0,"parent":0,"menu_order":0,"comment_status":"closed","ping_status":"closed","template":"","meta":{"site-sidebar-layout":"no-sidebar","site-content-layout":"page-builder","ast-site-content-layout":"default","site-content-style":"default","site-sidebar-style":"default","ast-global-header-display":"","ast-banner-title-visibility":"","ast-main-header-display":"","ast-hfb-above-header-display":"","ast-hfb-below-header-display":"","ast-hfb-mobile-header-display":"","site-post-title":"disabled","ast-breadcrumbs-content":"","ast-featured-img":"disabled","footer-sml-layout":"","ast-disable-related-posts":"","theme-transparent-header-meta":"enabled","adv-header-id-meta":"","stick-header-meta":"","header-above-stick-meta":"","header-main-stick-meta":"","header-below-stick-meta":"","astra-migrate-meta-layouts":"default","ast-page-background-enabled":"default","ast-page-background-meta":{"desktop":{"background-color":"","background-image":"","background-repeat":"repeat","background-position":"center center","background-size":"auto","background-attachment":"scroll","background-type":"","background-media":"","overlay-type":"","overlay-color":"","overlay-opacity":"","overlay-gradient":""},"tablet":{"background-color":"","background-image":"","background-repeat":"repeat","background-position":"center center","background-size":"auto","background-attachment":"scroll","background-type":"","background-media":"","overlay-type":"","overlay-color":"","overlay-opacity":"","overlay-gradient":""},"mobile":{"background-color":"","background-image":"","background-repeat":"repeat","background-position":"center center","background-size":"auto","background-attachment":"scroll","background-type":"","background-media":"","overlay-type":"","overlay-color":"","overlay-opacity":"","overlay-gradient":""}},"ast-content-background-meta":{"desktop":{"background-color":"var(--ast-global-color-5)","background-image":"","background-repeat":"repeat","background-position":"center center","background-size":"auto","background-attachment":"scroll","background-type":"","background-media":"","overlay-type":"","overlay-color":"","overlay-opacity":"","overlay-gradient":""},"tablet":{"background-color":"var(--ast-global-color-5)","background-image":"","background-repeat":"repeat","background-position":"center center","background-size":"auto","background-attachment":"scroll","background-type":"","background-media":"","overlay-type":"","overlay-color":"","overlay-opacity":"","overlay-gradient":""},"mobile":{"background-color":"var(--ast-global-color-5)","background-image":"","background-repeat":"repeat","background-position":"center center","background-size":"auto","background-attachment":"scroll","background-type":"","background-media":"","overlay-type":"","overlay-color":"","overlay-opacity":"","overlay-gradient":""}},"footnotes":""},"class_list":["post-487","page","type-page","status-publish","hentry"],"_links":{"self":[{"href":"https:\/\/www.successtenniscool.com\/nl\/wp-json\/wp\/v2\/pages\/487","targetHints":{"allow":["GET"]}}],"collection":[{"href":"https:\/\/www.successtenniscool.com\/nl\/wp-json\/wp\/v2\/pages"}],"about":[{"href":"https:\/\/www.successtenniscool.com\/nl\/wp-json\/wp\/v2\/types\/page"}],"author":[{"embeddable":true,"href":"https:\/\/www.successtenniscool.com\/nl\/wp-json\/wp\/v2\/users\/1"}],"replies":[{"embeddable":true,"href":"https:\/\/www.successtenniscool.com\/nl\/wp-json\/wp\/v2\/comments?post=487"}],"version-history":[{"count":8,"href":"https:\/\/www.successtenniscool.com\/nl\/wp-json\/wp\/v2\/pages\/487\/revisions"}],"predecessor-version":[{"id":2040,"href":"https:\/\/www.successtenniscool.com\/nl\/wp-json\/wp\/v2\/pages\/487\/revisions\/2040"}],"wp:attachment":[{"href":"https:\/\/www.successtenniscool.com\/nl\/wp-json\/wp\/v2\/media?parent=487"}],"curies":[{"name":"wp","href":"https:\/\/api.w.org\/{rel}","templated":true}]}}